{"id":10,"date":"2022-10-20T15:41:01","date_gmt":"2022-10-20T15:41:01","guid":{"rendered":"https:\/\/www.horsesandmore.fi\/?page_id=10"},"modified":"2023-04-11T14:23:06","modified_gmt":"2023-04-11T14:23:06","slug":"ratsastus","status":"publish","type":"page","link":"https:\/\/www.horsesandmore.fi\/index.php\/doris-2\/ratsastus\/","title":{"rendered":"Ratsastus"},"content":{"rendered":"<nav class=\"is-responsive items-justified-center alignfull wp-block-navigation is-content-justification-center is-layout-flex wp-container-2\" aria-label=\"Finnish-menu\"><button aria-haspopup=\"true\" aria-label=\"Open menu\" class=\"wp-block-navigation__responsive-container-open \" data-micromodal-trigger=\"modal-1\"><svg width=\"24\" height=\"24\" xmlns=\"http:\/\/www.w3.org\/2000\/svg\" viewBox=\"0 0 24 24\" aria-hidden=\"true\" focusable=\"false\"><rect x=\"4\" y=\"7.5\" width=\"16\" height=\"1.5\" \/><rect x=\"4\" y=\"15\" width=\"16\" height=\"1.5\" \/><\/svg><\/button>\n\t\t\t<div class=\"wp-block-navigation__responsive-container  \" style=\"\" id=\"modal-1\">\n\t\t\t\t<div class=\"wp-block-navigation__responsive-close\" tabindex=\"-1\" data-micromodal-close>\n\t\t\t\t\t<div class=\"wp-block-navigation__responsive-dialog\" aria-label=\"Menu\">\n\t\t\t\t\t\t\t<button aria-label=\"Close menu\" data-micromodal-close class=\"wp-block-navigation__responsive-container-close\"><svg xmlns=\"http:\/\/www.w3.org\/2000\/svg\" viewBox=\"0 0 24 24\" width=\"24\" height=\"24\" aria-hidden=\"true\" focusable=\"false\"><path d=\"M13 11.8l6.1-6.3-1-1-6.1 6.2-6.1-6.2-1 1 6.1 6.3-6.5 6.7 1 1 6.5-6.6 6.5 6.6 1-1z\"><\/path><\/svg><\/button>\n\t\t\t\t\t\t<div class=\"wp-block-navigation__responsive-container-content\" id=\"modal-1-content\">\n\t\t\t\t\t\t\t<ul class=\"wp-block-navigation__container\"><li class=\" wp-block-navigation-item wp-block-navigation-link\"><a class=\"wp-block-navigation-item__content\"  href=\"https:\/\/www.horsesandmore.fi\/\"><span class=\"wp-block-navigation-item__label\">Doris<\/span><\/a><\/li><li class=\" wp-block-navigation-item wp-block-navigation-link\"><a class=\"wp-block-navigation-item__content\"  href=\"https:\/\/www.horsesandmore.fi\/index.php\/doris-2\/opetus\/\"><span class=\"wp-block-navigation-item__label\">Opetus<\/span><\/a><\/li><li class=\" wp-block-navigation-item wp-block-navigation-link\"><a class=\"wp-block-navigation-item__content\"  href=\"https:\/\/www.horsesandmore.fi\/index.php\/doris-2\/ratsastus\/\"><span class=\"wp-block-navigation-item__label\">Ratsastus<\/span><\/a><\/li><li class=\" wp-block-navigation-item wp-block-navigation-link\"><a class=\"wp-block-navigation-item__content\"  href=\"https:\/\/www.horsesandmore.fi\/index.php\/doris-2\/aktiivitalli\/\"><span class=\"wp-block-navigation-item__label\">Aktiivitalli<\/span><\/a><\/li><li class=\" wp-block-navigation-item wp-block-navigation-link\"><a class=\"wp-block-navigation-item__content\"  href=\"https:\/\/www.horsesandmore.fi\/index.php\/doris-2\/hevoset\/\"><span class=\"wp-block-navigation-item__label\">Hevoset<\/span><\/a><\/li><li class=\" wp-block-navigation-item wp-block-navigation-link\"><a class=\"wp-block-navigation-item__content\"  href=\"https:\/\/www.horsesandmore.fi\/index.php\/doris-2\/taustaa\/\"><span class=\"wp-block-navigation-item__label\">Taustaa<\/span><\/a><\/li><li class=\" wp-block-navigation-item wp-block-navigation-link\"><a class=\"wp-block-navigation-item__content\"  href=\"https:\/\/www.horsesandmore.fi\/index.php\/doris-2\/linkit\/\"><span class=\"wp-block-navigation-item__label\">Linkit<\/span><\/a><\/li><\/ul>\n\t\t\t\t\t\t<\/div>\n\t\t\t\t\t<\/div>\n\t\t\t\t<\/div>\n\t\t\t<\/div><\/nav>\n\n\n<h2 class=\"wp-block-heading\"><strong>Yksityisopetusta<\/strong> <strong>vasta-alkajalle, kertausta kaipaavalle tai aralle ratsastajalle<\/strong><\/h2>\n\n\n\n<p>Hinta 55 \u20ac per Centered Riding\u00ae -ratsastustunti \/ maastak\u00e4sittelytunti \/ maastoratsastustunti.<\/p>\n\n\n\n<p>Yksityistunteja voi ostaa my\u00f6s isomman er\u00e4n kerralla, t\u00e4ll\u00f6in kymmenen tunnin hinta on 500 \u20ac.<\/p>\n\n\n\n<iframe src=\"https:\/\/hopoti.com\/stable\/DorisMunster-HorsesAndMore\/embed\/opencourses?days=7&amp;lang=fi&amp;height=300\" allowtransparency=\"true\" frameborder=\"0\" scrolling=\"no\" style=\"height:300px;width:100%;border: 0px none transparent;\"><\/iframe>\n","protected":false},"excerpt":{"rendered":"<p>Yksityisopetusta vasta-alkajalle, kertausta kaipaavalle tai aralle ratsastajalle Hinta 55 \u20ac per Centered Riding\u00ae -ratsastustunti \/ maastak\u00e4sittelytunti \/ maastoratsastustunti. Yksityistunteja voi ostaa my\u00f6s isomman er\u00e4n kerralla, t\u00e4ll\u00f6in kymmenen tunnin hinta on 500 \u20ac.<\/p>\n","protected":false},"author":1,"featured_media":0,"parent":59,"menu_order":0,"comment_status":"closed","ping_status":"closed","template":"","meta":[],"_links":{"self":[{"href":"https:\/\/www.horsesandmore.fi\/index.php\/wp-json\/wp\/v2\/pages\/10"}],"collection":[{"href":"https:\/\/www.horsesandmore.fi\/index.php\/wp-json\/wp\/v2\/pages"}],"about":[{"href":"https:\/\/www.horsesandmore.fi\/index.php\/wp-json\/wp\/v2\/types\/page"}],"author":[{"embeddable":true,"href":"https:\/\/www.horsesandmore.fi\/index.php\/wp-json\/wp\/v2\/users\/1"}],"replies":[{"embeddable":true,"href":"https:\/\/www.horsesandmore.fi\/index.php\/wp-json\/wp\/v2\/comments?post=10"}],"version-history":[{"count":6,"href":"https:\/\/www.horsesandmore.fi\/index.php\/wp-json\/wp\/v2\/pages\/10\/revisions"}],"predecessor-version":[{"id":249,"href":"https:\/\/www.horsesandmore.fi\/index.php\/wp-json\/wp\/v2\/pages\/10\/revisions\/249"}],"up":[{"embeddable":true,"href":"https:\/\/www.horsesandmore.fi\/index.php\/wp-json\/wp\/v2\/pages\/59"}],"wp:attachment":[{"href":"https:\/\/www.horsesandmore.fi\/index.php\/wp-json\/wp\/v2\/media?parent=10"}],"curies":[{"name":"wp","href":"https:\/\/api.w.org\/{rel}","templated":true}]}}