{"id":18,"date":"2022-10-20T15:44:55","date_gmt":"2022-10-20T15:44:55","guid":{"rendered":"https:\/\/www.horsesandmore.fi\/?page_id=18"},"modified":"2022-10-30T20:18:39","modified_gmt":"2022-10-30T20:18:39","slug":"aktiivitalli","status":"publish","type":"page","link":"https:\/\/www.horsesandmore.fi\/index.php\/doris-2\/aktiivitalli\/","title":{"rendered":"Aktiivitalli"},"content":{"rendered":"<nav class=\"is-responsive items-justified-center alignfull wp-block-navigation is-content-justification-center is-layout-flex wp-container-2\" aria-label=\"Finnish-menu\"><button aria-haspopup=\"true\" aria-label=\"Open menu\" class=\"wp-block-navigation__responsive-container-open \" data-micromodal-trigger=\"modal-1\"><svg width=\"24\" height=\"24\" xmlns=\"http:\/\/www.w3.org\/2000\/svg\" viewBox=\"0 0 24 24\" aria-hidden=\"true\" focusable=\"false\"><rect x=\"4\" y=\"7.5\" width=\"16\" height=\"1.5\" \/><rect x=\"4\" y=\"15\" width=\"16\" height=\"1.5\" \/><\/svg><\/button>\n\t\t\t<div class=\"wp-block-navigation__responsive-container  \" style=\"\" id=\"modal-1\">\n\t\t\t\t<div class=\"wp-block-navigation__responsive-close\" tabindex=\"-1\" data-micromodal-close>\n\t\t\t\t\t<div class=\"wp-block-navigation__responsive-dialog\" aria-label=\"Menu\">\n\t\t\t\t\t\t\t<button aria-label=\"Close menu\" data-micromodal-close class=\"wp-block-navigation__responsive-container-close\"><svg xmlns=\"http:\/\/www.w3.org\/2000\/svg\" viewBox=\"0 0 24 24\" width=\"24\" height=\"24\" aria-hidden=\"true\" focusable=\"false\"><path d=\"M13 11.8l6.1-6.3-1-1-6.1 6.2-6.1-6.2-1 1 6.1 6.3-6.5 6.7 1 1 6.5-6.6 6.5 6.6 1-1z\"><\/path><\/svg><\/button>\n\t\t\t\t\t\t<div class=\"wp-block-navigation__responsive-container-content\" id=\"modal-1-content\">\n\t\t\t\t\t\t\t<ul class=\"wp-block-navigation__container\"><li class=\" wp-block-navigation-item wp-block-navigation-link\"><a class=\"wp-block-navigation-item__content\"  href=\"https:\/\/www.horsesandmore.fi\/\"><span class=\"wp-block-navigation-item__label\">Doris<\/span><\/a><\/li><li class=\" wp-block-navigation-item wp-block-navigation-link\"><a class=\"wp-block-navigation-item__content\"  href=\"https:\/\/www.horsesandmore.fi\/index.php\/doris-2\/opetus\/\"><span class=\"wp-block-navigation-item__label\">Opetus<\/span><\/a><\/li><li class=\" wp-block-navigation-item wp-block-navigation-link\"><a class=\"wp-block-navigation-item__content\"  href=\"https:\/\/www.horsesandmore.fi\/index.php\/doris-2\/ratsastus\/\"><span class=\"wp-block-navigation-item__label\">Ratsastus<\/span><\/a><\/li><li class=\" wp-block-navigation-item wp-block-navigation-link\"><a class=\"wp-block-navigation-item__content\"  href=\"https:\/\/www.horsesandmore.fi\/index.php\/doris-2\/aktiivitalli\/\"><span class=\"wp-block-navigation-item__label\">Aktiivitalli<\/span><\/a><\/li><li class=\" wp-block-navigation-item wp-block-navigation-link\"><a class=\"wp-block-navigation-item__content\"  href=\"https:\/\/www.horsesandmore.fi\/index.php\/doris-2\/hevoset\/\"><span class=\"wp-block-navigation-item__label\">Hevoset<\/span><\/a><\/li><li class=\" wp-block-navigation-item wp-block-navigation-link\"><a class=\"wp-block-navigation-item__content\"  href=\"https:\/\/www.horsesandmore.fi\/index.php\/doris-2\/taustaa\/\"><span class=\"wp-block-navigation-item__label\">Taustaa<\/span><\/a><\/li><li class=\" wp-block-navigation-item wp-block-navigation-link\"><a class=\"wp-block-navigation-item__content\"  href=\"https:\/\/www.horsesandmore.fi\/index.php\/doris-2\/linkit\/\"><span class=\"wp-block-navigation-item__label\">Linkit<\/span><\/a><\/li><\/ul>\n\t\t\t\t\t\t<\/div>\n\t\t\t\t\t<\/div>\n\t\t\t\t<\/div>\n\t\t\t<\/div><\/nav>\n\n\n<h2 class=\"wp-block-heading\">Kompromissin tulos: aktiivitalli Koivikon Hevoshaan tyyliin<\/h2>\n\n\n\n<p>Jos kaikki mahdollinen otetaan huomioon, hevosen mielest\u00e4 t\u00e4ydellinen talli olisi loputtomia niittyj\u00e4, joita halkoisi pieni joki, hevosyst\u00e4vi\u00e4 laumaksi ja mik\u00e4 t\u00e4rkeint\u00e4, ei ihmisi\u00e4 l\u00e4himaillakaan pilaamassa autuutta. Kaunis ajatus, mutta meill\u00e4 ratsastajina on my\u00f6s omia toiveitamme. <\/p>\n\n\n\n<p>Omassa tallissani olen yritt\u00e4nyt pyrki\u00e4 kompromisseihin: haluan, ett\u00e4 hevosilla on korkealaatuista ruokaa tihe\u00e4sti annosteltuna, puhdasta vett\u00e4 ja riitt\u00e4v\u00e4sti tilaa liikkua ruokailujen v\u00e4liss\u00e4. Toisaalta kun l\u00e4hden hevosten kanssa t\u00f6ihin, haluan, ett\u00e4 voin hakea hevoset kohtuullisessa ajassa, hoitaa ja varustaa ne tehokkaasti sek\u00e4 ty\u00f6skennell\u00e4 kelvollisissa olosuhteissa. <\/p>\n\n\n\n<p>Aktiivitallimme koostuu hehtaarin kokoisesta alueesta, kahdesta l\u00e4mmitetyst\u00e4 vesipisteest\u00e4, kahdesta hein\u00e4h\u00e4kist\u00e4 ja kahdesta katoksesta. <\/p>\n\n\n\n<h2 class=\"wp-block-heading\">Hein\u00e4h\u00e4kit<\/h2>\n\n\n\n<p>Hein\u00e4h\u00e4kkeihin hevosille annostellaan korsirehu nelj\u00e4sti p\u00e4iv\u00e4ss\u00e4. Hein\u00e4h\u00e4kit on erityisesti suunniteltu hevosia ajatellen, ja jokaisella ruokailijalla on oma rauha tilaa jakavien kalterien v\u00e4leiss\u00e4. Hein\u00e4n ruokkiminen ruokintap\u00f6yd\u00e4lt\u00e4 v\u00e4hent\u00e4\u00e4 hein\u00e4n h\u00e4vikki\u00e4, kun hevoset eiv\u00e4t tallaa sit\u00e4, ja toisaalta takaavat hein\u00e4n korkean hygieenisen laadun. Rakenne my\u00f6s est\u00e4\u00e4 hevosia laittamasta kavioitaan hein\u00e4h\u00e4kin sis\u00e4lle, joka lis\u00e4\u00e4 turvallisuutta.<\/p>\n\n\n\n<h2 class=\"wp-block-heading\">Lepopaikat<\/h2>\n\n\n\n<p>Vaikka hevoset tarvitsevat raitista ilmaa, ei niiden tarvitse tyyty\u00e4 seisomaan porottavassa auringossa, kaatosateessa tai lumimyrskyss\u00e4. Aktiivitalliimme kuuluu kaksi katosta, joihin on molempiin kaksi sis\u00e4\u00e4nk\u00e4ynti\u00e4. Katosten pohjat ovat paksua kumimattoa, joka on napakka mutta pehme\u00e4, ja erist\u00e4\u00e4. Kumimaton p\u00e4\u00e4ll\u00e4 k\u00e4yt\u00e4mme purukuivitusta. <\/p>\n\n\n\n<h2 class=\"wp-block-heading\">Tilojen rajaaminen<\/h2>\n\n\n\n<p>Vaikka v\u00e4lttelemme onnettomuuksia kaikin keinoin ja yrit\u00e4mme varmistaa hevosten turvallisuuden, vahinkoja sattuu ja joillakin hevosilla on erityistarpeita. Toinen katos on rajattavissa toipilaalle erilliseksi tilaksi pienen sairastarhan kera. T\u00e4t\u00e4 voidaan hy\u00f6dynt\u00e4\u00e4 niin sairastapauksissa, kuin my\u00f6s silloin, kun lauman uusi j\u00e4sen viel\u00e4 totuttelee porukkaan tai jokin hevosista kaipaa enemm\u00e4n tai v\u00e4hemm\u00e4n ruokaa kuin toiset. Hevonen on helppo ottaa pieneen tarhaan vain hetkeksi tai tarvittaessa pidemmiksi ajoiksi kerrallaan. Pienest\u00e4 tarhasta kuitenkin on jatkuvasti n\u00e4k\u00f6-, kuulo- ja hajuyhteys muihin hevosiin, ja toisaalta katokseen p\u00e4\u00e4see omaan rauhaan. <\/p>\n\n\n\n<p>Kes\u00e4aikaan avataan my\u00f6s p\u00e4\u00e4dy laidunlohkoille, jotka lis\u00e4\u00e4v\u00e4t hevosten k\u00e4ytett\u00e4viss\u00e4 olevaa tilaa tilanteesta riippuen hehtaarilla tai jonkin verran yli. <\/p>\n\n\n\n<h2 class=\"wp-block-heading\">Ratsastusmahdollisuudet<\/h2>\n\n\n\n<p>Ratsastajien k\u00e4yt\u00f6ss\u00e4 on kaksi satulahuonetta &#8211; toinen ymp\u00e4rivuotiseen ja toinen (erist\u00e4m\u00e4t\u00f6n) vain kes\u00e4k\u00e4ytt\u00f6\u00f6n. Tallilta l\u00f6ytyy 20 x 40 m kokoinen hiekkapohjainen ratsastuskentt\u00e4 sek\u00e4 halkaisijaltaan 18-metrinen py\u00f6r\u00f6aitaus. Lis\u00e4ksi tallilta p\u00e4\u00e4see k\u00e4tev\u00e4sti maastoilemaan kaikenmittaisia reittej\u00e4 kauniissa Korpilahden maisemissa!<\/p>\n\n\n\n<p><\/p>\n","protected":false},"excerpt":{"rendered":"<p>Kompromissin tulos: aktiivitalli Koivikon Hevoshaan tyyliin Jos kaikki mahdollinen otetaan huomioon, hevosen mielest\u00e4 t\u00e4ydellinen talli olisi loputtomia niittyj\u00e4, joita halkoisi pieni joki, hevosyst\u00e4vi\u00e4 laumaksi ja mik\u00e4 t\u00e4rkeint\u00e4, ei ihmisi\u00e4 l\u00e4himaillakaan pilaamassa autuutta. Kaunis ajatus, mutta meill\u00e4 ratsastajina on my\u00f6s omia <\/p>\n<div class=\"more-button\"><a class=\"more-link\" href=\"https:\/\/www.horsesandmore.fi\/index.php\/doris-2\/aktiivitalli\/\">Continue reading<\/a><\/div>\n","protected":false},"author":1,"featured_media":0,"parent":59,"menu_order":0,"comment_status":"closed","ping_status":"closed","template":"","meta":[],"_links":{"self":[{"href":"https:\/\/www.horsesandmore.fi\/index.php\/wp-json\/wp\/v2\/pages\/18"}],"collection":[{"href":"https:\/\/www.horsesandmore.fi\/index.php\/wp-json\/wp\/v2\/pages"}],"about":[{"href":"https:\/\/www.horsesandmore.fi\/index.php\/wp-json\/wp\/v2\/types\/page"}],"author":[{"embeddable":true,"href":"https:\/\/www.horsesandmore.fi\/index.php\/wp-json\/wp\/v2\/users\/1"}],"replies":[{"embeddable":true,"href":"https:\/\/www.horsesandmore.fi\/index.php\/wp-json\/wp\/v2\/comments?post=18"}],"version-history":[{"count":6,"href":"https:\/\/www.horsesandmore.fi\/index.php\/wp-json\/wp\/v2\/pages\/18\/revisions"}],"predecessor-version":[{"id":187,"href":"https:\/\/www.horsesandmore.fi\/index.php\/wp-json\/wp\/v2\/pages\/18\/revisions\/187"}],"up":[{"embeddable":true,"href":"https:\/\/www.horsesandmore.fi\/index.php\/wp-json\/wp\/v2\/pages\/59"}],"wp:attachment":[{"href":"https:\/\/www.horsesandmore.fi\/index.php\/wp-json\/wp\/v2\/media?parent=18"}],"curies":[{"name":"wp","href":"https:\/\/api.w.org\/{rel}","templated":true}]}}