{"id":20,"date":"2022-10-20T15:45:17","date_gmt":"2022-10-20T15:45:17","guid":{"rendered":"https:\/\/www.horsesandmore.fi\/?page_id=20"},"modified":"2022-10-30T20:19:59","modified_gmt":"2022-10-30T20:19:59","slug":"opetus","status":"publish","type":"page","link":"https:\/\/www.horsesandmore.fi\/index.php\/doris-2\/opetus\/","title":{"rendered":"Opetus"},"content":{"rendered":"<nav class=\"is-responsive items-justified-center alignfull wp-block-navigation is-content-justification-center is-layout-flex wp-container-2\" aria-label=\"Finnish-menu\"><button aria-haspopup=\"true\" aria-label=\"Open menu\" class=\"wp-block-navigation__responsive-container-open \" data-micromodal-trigger=\"modal-1\"><svg width=\"24\" height=\"24\" xmlns=\"http:\/\/www.w3.org\/2000\/svg\" viewBox=\"0 0 24 24\" aria-hidden=\"true\" focusable=\"false\"><rect x=\"4\" y=\"7.5\" width=\"16\" height=\"1.5\" \/><rect x=\"4\" y=\"15\" width=\"16\" height=\"1.5\" \/><\/svg><\/button>\n\t\t\t<div class=\"wp-block-navigation__responsive-container  \" style=\"\" id=\"modal-1\">\n\t\t\t\t<div class=\"wp-block-navigation__responsive-close\" tabindex=\"-1\" data-micromodal-close>\n\t\t\t\t\t<div class=\"wp-block-navigation__responsive-dialog\" aria-label=\"Menu\">\n\t\t\t\t\t\t\t<button aria-label=\"Close menu\" data-micromodal-close class=\"wp-block-navigation__responsive-container-close\"><svg xmlns=\"http:\/\/www.w3.org\/2000\/svg\" viewBox=\"0 0 24 24\" width=\"24\" height=\"24\" aria-hidden=\"true\" focusable=\"false\"><path d=\"M13 11.8l6.1-6.3-1-1-6.1 6.2-6.1-6.2-1 1 6.1 6.3-6.5 6.7 1 1 6.5-6.6 6.5 6.6 1-1z\"><\/path><\/svg><\/button>\n\t\t\t\t\t\t<div class=\"wp-block-navigation__responsive-container-content\" id=\"modal-1-content\">\n\t\t\t\t\t\t\t<ul class=\"wp-block-navigation__container\"><li class=\" wp-block-navigation-item wp-block-navigation-link\"><a class=\"wp-block-navigation-item__content\"  href=\"https:\/\/www.horsesandmore.fi\/\"><span class=\"wp-block-navigation-item__label\">Doris<\/span><\/a><\/li><li class=\" wp-block-navigation-item wp-block-navigation-link\"><a class=\"wp-block-navigation-item__content\"  href=\"https:\/\/www.horsesandmore.fi\/index.php\/doris-2\/opetus\/\"><span class=\"wp-block-navigation-item__label\">Opetus<\/span><\/a><\/li><li class=\" wp-block-navigation-item wp-block-navigation-link\"><a class=\"wp-block-navigation-item__content\"  href=\"https:\/\/www.horsesandmore.fi\/index.php\/doris-2\/ratsastus\/\"><span class=\"wp-block-navigation-item__label\">Ratsastus<\/span><\/a><\/li><li class=\" wp-block-navigation-item wp-block-navigation-link\"><a class=\"wp-block-navigation-item__content\"  href=\"https:\/\/www.horsesandmore.fi\/index.php\/doris-2\/aktiivitalli\/\"><span class=\"wp-block-navigation-item__label\">Aktiivitalli<\/span><\/a><\/li><li class=\" wp-block-navigation-item wp-block-navigation-link\"><a class=\"wp-block-navigation-item__content\"  href=\"https:\/\/www.horsesandmore.fi\/index.php\/doris-2\/hevoset\/\"><span class=\"wp-block-navigation-item__label\">Hevoset<\/span><\/a><\/li><li class=\" wp-block-navigation-item wp-block-navigation-link\"><a class=\"wp-block-navigation-item__content\"  href=\"https:\/\/www.horsesandmore.fi\/index.php\/doris-2\/taustaa\/\"><span class=\"wp-block-navigation-item__label\">Taustaa<\/span><\/a><\/li><li class=\" wp-block-navigation-item wp-block-navigation-link\"><a class=\"wp-block-navigation-item__content\"  href=\"https:\/\/www.horsesandmore.fi\/index.php\/doris-2\/linkit\/\"><span class=\"wp-block-navigation-item__label\">Linkit<\/span><\/a><\/li><\/ul>\n\t\t\t\t\t\t<\/div>\n\t\t\t\t\t<\/div>\n\t\t\t\t<\/div>\n\t\t\t<\/div><\/nav>\n\n\n<p>Yksityistunneilla on mahdollisuus rauhassa keskitty\u00e4 ratsastajan yksil\u00f6llisiin toiveisiin ja mahdollisiin ratsastuksen ongelmakohtiin.<\/p>\n\n\n\n<p>Ensimm\u00e4isell\u00e4 kerralla tutustun oppilaan l\u00e4ht\u00f6tasoon, jotta voimme yhdess\u00e4 suunnitella parhaan mahdollisen tavan jatkaa opettelua.<\/p>\n\n\n\n<p><a href=\"http:\/\/www.centeredriding.org\/2column.asp?pageid=10001,10027\">Centered Riding\u00ae<\/a>&nbsp;-ohjaajana k\u00e4yt\u00e4n kehotietoisuutta lis\u00e4\u00e4vi\u00e4 mielikuvaharjoituksia kaikessa opetuksessani. Kun tietoisuus omasta asennosta lis\u00e4\u00e4ntyy ja tasapaino paranee, apujen yhdistely ja ajoitus helpottuvat. Sek\u00e4 hevosella ett\u00e4 ratsastajalla on mukavaa, liikkuminen vapautuu ja oppiminen p\u00e4\u00e4see vauhtiin.<\/p>\n\n\n\n<h2 class=\"wp-block-heading\"><strong>Hevostaidot<\/strong><\/h2>\n\n\n\n<p>Opettelemme k\u00e4sittelem\u00e4\u00e4n hevosta turvallisesti ja kevyesti<\/p>\n\n\n\n<ul><li>ymm\u00e4rr\u00e4 hevosta ja saa se my\u00f6s ymm\u00e4rt\u00e4m\u00e4\u00e4n sinua<\/li><li>hevosen hoito ja sen varustaminen ratsastusta varten<\/li><\/ul>\n\n\n\n<h2 class=\"wp-block-heading\"><strong>Ratsastus<\/strong><\/h2>\n\n\n\n<p>Ratsastajan istunta on hyv\u00e4n ratsastuksen perusta. Istunnan ja tasapainon saavuttamiseksi teemme erilaisia harjoituksia:<\/p>\n\n\n\n<ul><li>harjoitukset liinassa<\/li><li>Classical Dressage -harjoitukset<\/li><li>puomi- ja kavalettity\u00f6skentely<\/li><li>ratsastus maastossa<\/li><\/ul>\n\n\n\n<p>Opetus sujuu suomeksi, englanniksi tai saksaksi.<\/p>\n\n\n\n<p>Mahdollisuus my\u00f6s k\u00e4rryajeluun tai vaikkapa talutusratsastukseen lapsille tai koko perheelle kokeilua varten.<\/p>\n\n\n<div class=\"wp-block-image\">\n<figure class=\"aligncenter size-full\"><img decoding=\"async\" loading=\"lazy\" width=\"261\" height=\"250\" src=\"https:\/\/www.horsesandmore.fi\/wp-content\/uploads\/2022\/10\/cropped-CR-logo_SS-text_2019_hi-res-1-scaled-1.jpg\" alt=\"\" class=\"wp-image-125\"\/><\/figure><\/div>","protected":false},"excerpt":{"rendered":"<p>Yksityistunneilla on mahdollisuus rauhassa keskitty\u00e4 ratsastajan yksil\u00f6llisiin toiveisiin ja mahdollisiin ratsastuksen ongelmakohtiin. Ensimm\u00e4isell\u00e4 kerralla tutustun oppilaan l\u00e4ht\u00f6tasoon, jotta voimme yhdess\u00e4 suunnitella parhaan mahdollisen tavan jatkaa opettelua. Centered Riding\u00ae&nbsp;-ohjaajana k\u00e4yt\u00e4n kehotietoisuutta lis\u00e4\u00e4vi\u00e4 mielikuvaharjoituksia kaikessa opetuksessani. Kun tietoisuus omasta asennosta lis\u00e4\u00e4ntyy ja <\/p>\n<div class=\"more-button\"><a class=\"more-link\" href=\"https:\/\/www.horsesandmore.fi\/index.php\/doris-2\/opetus\/\">Continue reading<\/a><\/div>\n","protected":false},"author":1,"featured_media":0,"parent":59,"menu_order":0,"comment_status":"closed","ping_status":"closed","template":"","meta":[],"_links":{"self":[{"href":"https:\/\/www.horsesandmore.fi\/index.php\/wp-json\/wp\/v2\/pages\/20"}],"collection":[{"href":"https:\/\/www.horsesandmore.fi\/index.php\/wp-json\/wp\/v2\/pages"}],"about":[{"href":"https:\/\/www.horsesandmore.fi\/index.php\/wp-json\/wp\/v2\/types\/page"}],"author":[{"embeddable":true,"href":"https:\/\/www.horsesandmore.fi\/index.php\/wp-json\/wp\/v2\/users\/1"}],"replies":[{"embeddable":true,"href":"https:\/\/www.horsesandmore.fi\/index.php\/wp-json\/wp\/v2\/comments?post=20"}],"version-history":[{"count":3,"href":"https:\/\/www.horsesandmore.fi\/index.php\/wp-json\/wp\/v2\/pages\/20\/revisions"}],"predecessor-version":[{"id":202,"href":"https:\/\/www.horsesandmore.fi\/index.php\/wp-json\/wp\/v2\/pages\/20\/revisions\/202"}],"up":[{"embeddable":true,"href":"https:\/\/www.horsesandmore.fi\/index.php\/wp-json\/wp\/v2\/pages\/59"}],"wp:attachment":[{"href":"https:\/\/www.horsesandmore.fi\/index.php\/wp-json\/wp\/v2\/media?parent=20"}],"curies":[{"name":"wp","href":"https:\/\/api.w.org\/{rel}","templated":true}]}}