{"id":28,"date":"2022-10-20T15:46:02","date_gmt":"2022-10-20T15:46:02","guid":{"rendered":"https:\/\/www.horsesandmore.fi\/?page_id=28"},"modified":"2023-04-11T14:30:40","modified_gmt":"2023-04-11T14:30:40","slug":"linkit","status":"publish","type":"page","link":"https:\/\/www.horsesandmore.fi\/index.php\/doris-2\/linkit\/","title":{"rendered":"Linkit"},"content":{"rendered":"<nav class=\"is-responsive items-justified-center alignfull wp-block-navigation is-content-justification-center is-layout-flex wp-container-2\" aria-label=\"Finnish-menu\"><button aria-haspopup=\"true\" aria-label=\"Open menu\" class=\"wp-block-navigation__responsive-container-open \" data-micromodal-trigger=\"modal-1\"><svg width=\"24\" height=\"24\" xmlns=\"http:\/\/www.w3.org\/2000\/svg\" viewBox=\"0 0 24 24\" aria-hidden=\"true\" focusable=\"false\"><rect x=\"4\" y=\"7.5\" width=\"16\" height=\"1.5\" \/><rect x=\"4\" y=\"15\" width=\"16\" height=\"1.5\" \/><\/svg><\/button>\n\t\t\t<div class=\"wp-block-navigation__responsive-container  \" style=\"\" id=\"modal-1\">\n\t\t\t\t<div class=\"wp-block-navigation__responsive-close\" tabindex=\"-1\" data-micromodal-close>\n\t\t\t\t\t<div class=\"wp-block-navigation__responsive-dialog\" aria-label=\"Menu\">\n\t\t\t\t\t\t\t<button aria-label=\"Close menu\" data-micromodal-close class=\"wp-block-navigation__responsive-container-close\"><svg xmlns=\"http:\/\/www.w3.org\/2000\/svg\" viewBox=\"0 0 24 24\" width=\"24\" height=\"24\" aria-hidden=\"true\" focusable=\"false\"><path d=\"M13 11.8l6.1-6.3-1-1-6.1 6.2-6.1-6.2-1 1 6.1 6.3-6.5 6.7 1 1 6.5-6.6 6.5 6.6 1-1z\"><\/path><\/svg><\/button>\n\t\t\t\t\t\t<div class=\"wp-block-navigation__responsive-container-content\" id=\"modal-1-content\">\n\t\t\t\t\t\t\t<ul class=\"wp-block-navigation__container\"><li class=\" wp-block-navigation-item wp-block-navigation-link\"><a class=\"wp-block-navigation-item__content\"  href=\"https:\/\/www.horsesandmore.fi\/\"><span class=\"wp-block-navigation-item__label\">Doris<\/span><\/a><\/li><li class=\" wp-block-navigation-item wp-block-navigation-link\"><a class=\"wp-block-navigation-item__content\"  href=\"https:\/\/www.horsesandmore.fi\/index.php\/doris-2\/opetus\/\"><span class=\"wp-block-navigation-item__label\">Opetus<\/span><\/a><\/li><li class=\" wp-block-navigation-item wp-block-navigation-link\"><a class=\"wp-block-navigation-item__content\"  href=\"https:\/\/www.horsesandmore.fi\/index.php\/doris-2\/ratsastus\/\"><span class=\"wp-block-navigation-item__label\">Ratsastus<\/span><\/a><\/li><li class=\" wp-block-navigation-item wp-block-navigation-link\"><a class=\"wp-block-navigation-item__content\"  href=\"https:\/\/www.horsesandmore.fi\/index.php\/doris-2\/aktiivitalli\/\"><span class=\"wp-block-navigation-item__label\">Aktiivitalli<\/span><\/a><\/li><li class=\" wp-block-navigation-item wp-block-navigation-link\"><a class=\"wp-block-navigation-item__content\"  href=\"https:\/\/www.horsesandmore.fi\/index.php\/doris-2\/hevoset\/\"><span class=\"wp-block-navigation-item__label\">Hevoset<\/span><\/a><\/li><li class=\" wp-block-navigation-item wp-block-navigation-link\"><a class=\"wp-block-navigation-item__content\"  href=\"https:\/\/www.horsesandmore.fi\/index.php\/doris-2\/taustaa\/\"><span class=\"wp-block-navigation-item__label\">Taustaa<\/span><\/a><\/li><li class=\" wp-block-navigation-item wp-block-navigation-link\"><a class=\"wp-block-navigation-item__content\"  href=\"https:\/\/www.horsesandmore.fi\/index.php\/doris-2\/linkit\/\"><span class=\"wp-block-navigation-item__label\">Linkit<\/span><\/a><\/li><\/ul>\n\t\t\t\t\t\t<\/div>\n\t\t\t\t\t<\/div>\n\t\t\t\t<\/div>\n\t\t\t<\/div><\/nav>\n\n\n<p>Hevosten kanssa ei j\u00e4\u00e4 yksin! Minulle t\u00e4rkeit\u00e4 henkil\u00f6it\u00e4:<\/p>\n\n\n\n<p>Pirjo Leirimaa<br>ty\u00f6skentelee graafisena suunnittelijana ja avusti yrityksen graafisen ilmeen suunnittelussa ja toteutuksessa.<\/p>\n\n\n\n<ul>\n<li>puh. 050 313 78 91<\/li>\n\n\n\n<li>pirjo.leirimaa@kolumbus.fi<\/li>\n<\/ul>\n\n\n\n<p>Mari Ekonen<br>pit\u00e4\u00e4 t\u00e4ysihoitotallia, joka on mielest\u00e4ni tosi hyv\u00e4 paikka hevosen asua.<\/p>\n\n\n\n<ul>\n<li>puh. 050 329 71 22<\/li>\n<\/ul>\n\n\n\n<p>Eerika H\u00e4kkinen<br>on ihana Centered Riding -ohjaajamme. Arvostamme suuresti h\u00e4nen opetustaan ja odotamme aina kovasti seuraavaa kurssia.<\/p>\n\n\n\n<ul>\n<li>ehakkine@hytti.uku.fi<\/li>\n<\/ul>\n\n\n\n<p>Hannele Kerkel\u00e4<br>on fysioterapeutti sek\u00e4 ratsastajille, hevosille ett\u00e4 koirille. Itse en ole h\u00e4nen palveluitaan onneksi tarvinnut, eik\u00e4 hevosenikaan. Mutta olen seuranneet h\u00e4nen ty\u00f6skentely\u00e4\u00e4n muiden hevosten kanssa, joten ehdottomasti k\u00e4\u00e4nnymme h\u00e4nen puoleensa kun tarvetta tulee.<\/p>\n\n\n\n<ul>\n<li>puh. 0400 429 533<\/li>\n\n\n\n<li>hannelen.fysioterapia@pp.inet.fi<\/li>\n\n\n\n<li><a href=\"http:\/\/www.hannelenelainfysioterapia.net\/index.php\">www.hannelenelainfysioterapia.net<\/a><\/li>\n<\/ul>\n","protected":false},"excerpt":{"rendered":"<p>Hevosten kanssa ei j\u00e4\u00e4 yksin! Minulle t\u00e4rkeit\u00e4 henkil\u00f6it\u00e4: Pirjo Leirimaaty\u00f6skentelee graafisena suunnittelijana ja avusti yrityksen graafisen ilmeen suunnittelussa ja toteutuksessa. Mari Ekonenpit\u00e4\u00e4 t\u00e4ysihoitotallia, joka on mielest\u00e4ni tosi hyv\u00e4 paikka hevosen asua. Eerika H\u00e4kkinenon ihana Centered Riding -ohjaajamme. Arvostamme suuresti h\u00e4nen <\/p>\n<div class=\"more-button\"><a class=\"more-link\" href=\"https:\/\/www.horsesandmore.fi\/index.php\/doris-2\/linkit\/\">Continue reading<\/a><\/div>\n","protected":false},"author":1,"featured_media":0,"parent":59,"menu_order":0,"comment_status":"closed","ping_status":"closed","template":"","meta":[],"_links":{"self":[{"href":"https:\/\/www.horsesandmore.fi\/index.php\/wp-json\/wp\/v2\/pages\/28"}],"collection":[{"href":"https:\/\/www.horsesandmore.fi\/index.php\/wp-json\/wp\/v2\/pages"}],"about":[{"href":"https:\/\/www.horsesandmore.fi\/index.php\/wp-json\/wp\/v2\/types\/page"}],"author":[{"embeddable":true,"href":"https:\/\/www.horsesandmore.fi\/index.php\/wp-json\/wp\/v2\/users\/1"}],"replies":[{"embeddable":true,"href":"https:\/\/www.horsesandmore.fi\/index.php\/wp-json\/wp\/v2\/comments?post=28"}],"version-history":[{"count":4,"href":"https:\/\/www.horsesandmore.fi\/index.php\/wp-json\/wp\/v2\/pages\/28\/revisions"}],"predecessor-version":[{"id":254,"href":"https:\/\/www.horsesandmore.fi\/index.php\/wp-json\/wp\/v2\/pages\/28\/revisions\/254"}],"up":[{"embeddable":true,"href":"https:\/\/www.horsesandmore.fi\/index.php\/wp-json\/wp\/v2\/pages\/59"}],"wp:attachment":[{"href":"https:\/\/www.horsesandmore.fi\/index.php\/wp-json\/wp\/v2\/media?parent=28"}],"curies":[{"name":"wp","href":"https:\/\/api.w.org\/{rel}","templated":true}]}}