{"id":59,"date":"2022-10-20T16:30:31","date_gmt":"2022-10-20T16:30:31","guid":{"rendered":"https:\/\/www.horsesandmore.fi\/?page_id=59"},"modified":"2022-10-31T11:17:50","modified_gmt":"2022-10-31T11:17:50","slug":"doris-2","status":"publish","type":"page","link":"https:\/\/www.horsesandmore.fi\/","title":{"rendered":"Doris M\u00fcnster"},"content":{"rendered":"<nav class=\"is-responsive items-justified-center alignfull wp-block-navigation is-content-justification-center is-layout-flex wp-container-2\" aria-label=\"Finnish-menu\"><button aria-haspopup=\"true\" aria-label=\"Open menu\" class=\"wp-block-navigation__responsive-container-open \" data-micromodal-trigger=\"modal-1\"><svg width=\"24\" height=\"24\" xmlns=\"http:\/\/www.w3.org\/2000\/svg\" viewBox=\"0 0 24 24\" aria-hidden=\"true\" focusable=\"false\"><rect x=\"4\" y=\"7.5\" width=\"16\" height=\"1.5\" \/><rect x=\"4\" y=\"15\" width=\"16\" height=\"1.5\" \/><\/svg><\/button>\n\t\t\t<div class=\"wp-block-navigation__responsive-container  \" style=\"\" id=\"modal-1\">\n\t\t\t\t<div class=\"wp-block-navigation__responsive-close\" tabindex=\"-1\" data-micromodal-close>\n\t\t\t\t\t<div class=\"wp-block-navigation__responsive-dialog\" aria-label=\"Menu\">\n\t\t\t\t\t\t\t<button aria-label=\"Close menu\" data-micromodal-close class=\"wp-block-navigation__responsive-container-close\"><svg xmlns=\"http:\/\/www.w3.org\/2000\/svg\" viewBox=\"0 0 24 24\" width=\"24\" height=\"24\" aria-hidden=\"true\" focusable=\"false\"><path d=\"M13 11.8l6.1-6.3-1-1-6.1 6.2-6.1-6.2-1 1 6.1 6.3-6.5 6.7 1 1 6.5-6.6 6.5 6.6 1-1z\"><\/path><\/svg><\/button>\n\t\t\t\t\t\t<div class=\"wp-block-navigation__responsive-container-content\" id=\"modal-1-content\">\n\t\t\t\t\t\t\t<ul class=\"wp-block-navigation__container\"><li class=\" wp-block-navigation-item wp-block-navigation-link\"><a class=\"wp-block-navigation-item__content\"  href=\"https:\/\/www.horsesandmore.fi\/\"><span class=\"wp-block-navigation-item__label\">Doris<\/span><\/a><\/li><li class=\" wp-block-navigation-item wp-block-navigation-link\"><a class=\"wp-block-navigation-item__content\"  href=\"https:\/\/www.horsesandmore.fi\/index.php\/doris-2\/opetus\/\"><span class=\"wp-block-navigation-item__label\">Opetus<\/span><\/a><\/li><li class=\" wp-block-navigation-item wp-block-navigation-link\"><a class=\"wp-block-navigation-item__content\"  href=\"https:\/\/www.horsesandmore.fi\/index.php\/doris-2\/ratsastus\/\"><span class=\"wp-block-navigation-item__label\">Ratsastus<\/span><\/a><\/li><li class=\" wp-block-navigation-item wp-block-navigation-link\"><a class=\"wp-block-navigation-item__content\"  href=\"https:\/\/www.horsesandmore.fi\/index.php\/doris-2\/aktiivitalli\/\"><span class=\"wp-block-navigation-item__label\">Aktiivitalli<\/span><\/a><\/li><li class=\" wp-block-navigation-item wp-block-navigation-link\"><a class=\"wp-block-navigation-item__content\"  href=\"https:\/\/www.horsesandmore.fi\/index.php\/doris-2\/hevoset\/\"><span class=\"wp-block-navigation-item__label\">Hevoset<\/span><\/a><\/li><li class=\" wp-block-navigation-item wp-block-navigation-link\"><a class=\"wp-block-navigation-item__content\"  href=\"https:\/\/www.horsesandmore.fi\/index.php\/doris-2\/taustaa\/\"><span class=\"wp-block-navigation-item__label\">Taustaa<\/span><\/a><\/li><li class=\" wp-block-navigation-item wp-block-navigation-link\"><a class=\"wp-block-navigation-item__content\"  href=\"https:\/\/www.horsesandmore.fi\/index.php\/doris-2\/linkit\/\"><span class=\"wp-block-navigation-item__label\">Linkit<\/span><\/a><\/li><\/ul>\n\t\t\t\t\t\t<\/div>\n\t\t\t\t\t<\/div>\n\t\t\t\t<\/div>\n\t\t\t<\/div><\/nav>\n\n\n<hr class=\"wp-block-separator has-alpha-channel-opacity\"\/>\n\n\n\n<h2 class=\"wp-block-heading\">Doris M\u00fcnster<\/h2>\n\n\n\n<p>Olen opiskellut Eerika H\u00e4kkisen Centered Riding -tunneilla ja h\u00e4nen innostamanaan opiskellut my\u00f6s\u00a0<a href=\"http:\/\/www.centeredriding.org\/2column.asp?pageid=10001,10027\">Centered Riding\u00ae<\/a>\u00a0-ohjaajaksi (I-taso) Suomessa ja Saksassa. Valmistuin\u00a0<a href=\"http:\/\/www.gutshofurlaub.de\/reiten0.html\">Gut Klein-Nienhagen<\/a>ista tammikuussa 2011. Olen my\u00f6s suorittanut suomalaisen ensiapukoulutuksen 2011.<\/p>\n\n\n\n<p><\/p>\n\n\n\n<p>Aloitin ratsastuksen vasta 20-vuotiaana, joten en todellakaan ole \u2018syntynyt hevosen selk\u00e4\u00e4n\u2019 vaan olen opetellut taitoni aikuisena. Tied\u00e4n, mit\u00e4 oppiminen vaatii ja milt\u00e4 se tuntuu. Olen my\u00f6s kouluttanut hevoseni itse.<\/p>\n\n\n\n<p>Muutin puolisoni ja hevoseni kanssa Suomeen vuonna 2006. Meille on t\u00e4\u00e4ll\u00e4 syntynyt kaksi tyt\u00e4rt\u00e4 ja olemme hankkineet pienen maatilan, jossa pid\u00e4n tallia ja opetan ratsastusta. Alkuper\u00e4inen koulutukseni Saksassa on biologian tohtori.<\/p>\n\n\n<div class=\"wp-block-image\">\n<figure class=\"aligncenter size-large\"><img decoding=\"async\" loading=\"lazy\" width=\"1024\" height=\"683\" src=\"https:\/\/www.horsesandmore.fi\/wp-content\/uploads\/2022\/10\/20220504-LH6A7800-1024x683.jpg\" alt=\"\" class=\"wp-image-128\" srcset=\"https:\/\/www.horsesandmore.fi\/wp-content\/uploads\/2022\/10\/20220504-LH6A7800-1024x683.jpg 1024w, https:\/\/www.horsesandmore.fi\/wp-content\/uploads\/2022\/10\/20220504-LH6A7800-300x200.jpg 300w, https:\/\/www.horsesandmore.fi\/wp-content\/uploads\/2022\/10\/20220504-LH6A7800-768x512.jpg 768w, https:\/\/www.horsesandmore.fi\/wp-content\/uploads\/2022\/10\/20220504-LH6A7800.jpg 1500w\" sizes=\"(max-width: 1024px) 100vw, 1024px\" \/><figcaption>Doris esitt\u00e4m\u00e4ss\u00e4 4-vuotiasta ratsuttamaansa suomenhevosta Suomenhevosten laatuarvostelukarsinnoissa Harjussa kev\u00e4\u00e4ll\u00e4 2022. Kuva Satu Pitk\u00e4nen.<\/figcaption><\/figure><\/div>","protected":false},"excerpt":{"rendered":"<p>Doris M\u00fcnster Olen opiskellut Eerika H\u00e4kkisen Centered Riding -tunneilla ja h\u00e4nen innostamanaan opiskellut my\u00f6s\u00a0Centered Riding\u00ae\u00a0-ohjaajaksi (I-taso) Suomessa ja Saksassa. Valmistuin\u00a0Gut Klein-Nienhagenista tammikuussa 2011. Olen my\u00f6s suorittanut suomalaisen ensiapukoulutuksen 2011. Aloitin ratsastuksen vasta 20-vuotiaana, joten en todellakaan ole \u2018syntynyt hevosen selk\u00e4\u00e4n\u2019 <\/p>\n<div class=\"more-button\"><a class=\"more-link\" href=\"https:\/\/www.horsesandmore.fi\/\">Continue reading<\/a><\/div>\n","protected":false},"author":1,"featured_media":0,"parent":0,"menu_order":0,"comment_status":"closed","ping_status":"closed","template":"","meta":[],"_links":{"self":[{"href":"https:\/\/www.horsesandmore.fi\/index.php\/wp-json\/wp\/v2\/pages\/59"}],"collection":[{"href":"https:\/\/www.horsesandmore.fi\/index.php\/wp-json\/wp\/v2\/pages"}],"about":[{"href":"https:\/\/www.horsesandmore.fi\/index.php\/wp-json\/wp\/v2\/types\/page"}],"author":[{"embeddable":true,"href":"https:\/\/www.horsesandmore.fi\/index.php\/wp-json\/wp\/v2\/users\/1"}],"replies":[{"embeddable":true,"href":"https:\/\/www.horsesandmore.fi\/index.php\/wp-json\/wp\/v2\/comments?post=59"}],"version-history":[{"count":10,"href":"https:\/\/www.horsesandmore.fi\/index.php\/wp-json\/wp\/v2\/pages\/59\/revisions"}],"predecessor-version":[{"id":235,"href":"https:\/\/www.horsesandmore.fi\/index.php\/wp-json\/wp\/v2\/pages\/59\/revisions\/235"}],"wp:attachment":[{"href":"https:\/\/www.horsesandmore.fi\/index.php\/wp-json\/wp\/v2\/media?parent=59"}],"curies":[{"name":"wp","href":"https:\/\/api.w.org\/{rel}","templated":true}]}}